{"id":3567,"date":"2021-05-14T18:07:01","date_gmt":"2021-05-14T16:07:01","guid":{"rendered":"http:\/\/gravotec.ch\/contact\/"},"modified":"2025-11-20T10:08:13","modified_gmt":"2025-11-20T09:08:13","slug":"kontakt","status":"publish","type":"page","link":"https:\/\/gravotec.ch\/de\/kontakt\/","title":{"rendered":"Kontakt"},"content":{"rendered":"","protected":false},"excerpt":{"rendered":"","protected":false},"author":3,"featured_media":0,"parent":0,"menu_order":0,"comment_status":"closed","ping_status":"closed","template":"template-page\/page-sans-bandeau.php","meta":{"_acf_changed":false,"footnotes":""},"class_list":["post-3567","page","type-page","status-publish","hentry"],"acf":[],"yoast_head":"<!-- This site is optimized with the Yoast SEO plugin v27.3 - https:\/\/yoast.com\/product\/yoast-seo-wordpress\/ -->\n<title>Gravotec | Kontaktieren Sie uns f\u00fcr Ihr Beschilderungsprojekt<\/title>\n<meta name=\"description\" content=\"F\u00fcr jede Art von Beschilderungsprojekt k\u00f6nnen Sie sich gerne an uns wenden. Unser Expertenteam wird Sie beraten und Sie bei der Umsetzung Ihres Projekts begleiten.\" \/>\n<meta name=\"robots\" content=\"index, follow, max-snippet:-1, max-image-preview:large, max-video-preview:-1\" \/>\n<link rel=\"canonical\" href=\"https:\/\/gravotec.ch\/de\/kontakt\/\" \/>\n<meta property=\"og:locale\" content=\"de_DE\" \/>\n<meta property=\"og:type\" content=\"article\" \/>\n<meta property=\"og:title\" content=\"Gravotec | Kontaktieren Sie uns f\u00fcr Ihr Beschilderungsprojekt\" \/>\n<meta property=\"og:description\" content=\"F\u00fcr jede Art von Beschilderungsprojekt k\u00f6nnen Sie sich gerne an uns wenden. Unser Expertenteam wird Sie beraten und Sie bei der Umsetzung Ihres Projekts begleiten.\" \/>\n<meta property=\"og:url\" content=\"https:\/\/gravotec.ch\/de\/kontakt\/\" \/>\n<meta property=\"og:site_name\" content=\"Gravotec\" \/>\n<meta property=\"article:modified_time\" content=\"2025-11-20T09:08:13+00:00\" \/>\n<meta name=\"twitter:card\" content=\"summary_large_image\" \/>\n<script type=\"application\/ld+json\" class=\"yoast-schema-graph\">{\"@context\":\"https:\\\/\\\/schema.org\",\"@graph\":[{\"@type\":\"WebPage\",\"@id\":\"https:\\\/\\\/gravotec.ch\\\/de\\\/kontakt\\\/\",\"url\":\"https:\\\/\\\/gravotec.ch\\\/de\\\/kontakt\\\/\",\"name\":\"Gravotec | Kontaktieren Sie uns f\u00fcr Ihr Beschilderungsprojekt\",\"isPartOf\":{\"@id\":\"https:\\\/\\\/gravotec.ch\\\/de\\\/#website\"},\"datePublished\":\"2021-05-14T16:07:01+00:00\",\"dateModified\":\"2025-11-20T09:08:13+00:00\",\"description\":\"F\u00fcr jede Art von Beschilderungsprojekt k\u00f6nnen Sie sich gerne an uns wenden. Unser Expertenteam wird Sie beraten und Sie bei der Umsetzung Ihres Projekts begleiten.\",\"breadcrumb\":{\"@id\":\"https:\\\/\\\/gravotec.ch\\\/de\\\/kontakt\\\/#breadcrumb\"},\"inLanguage\":\"de\",\"potentialAction\":[{\"@type\":\"ReadAction\",\"target\":[\"https:\\\/\\\/gravotec.ch\\\/de\\\/kontakt\\\/\"]}]},{\"@type\":\"BreadcrumbList\",\"@id\":\"https:\\\/\\\/gravotec.ch\\\/de\\\/kontakt\\\/#breadcrumb\",\"itemListElement\":[{\"@type\":\"ListItem\",\"position\":1,\"name\":\"Accueil\",\"item\":\"https:\\\/\\\/gravotec.ch\\\/de\\\/\"},{\"@type\":\"ListItem\",\"position\":2,\"name\":\"Kontakt\"}]},{\"@type\":\"WebSite\",\"@id\":\"https:\\\/\\\/gravotec.ch\\\/de\\\/#website\",\"url\":\"https:\\\/\\\/gravotec.ch\\\/de\\\/\",\"name\":\"Gravotec\",\"description\":\"\",\"publisher\":{\"@id\":\"https:\\\/\\\/gravotec.ch\\\/de\\\/#organization\"},\"potentialAction\":[{\"@type\":\"SearchAction\",\"target\":{\"@type\":\"EntryPoint\",\"urlTemplate\":\"https:\\\/\\\/gravotec.ch\\\/de\\\/?s={search_term_string}\"},\"query-input\":{\"@type\":\"PropertyValueSpecification\",\"valueRequired\":true,\"valueName\":\"search_term_string\"}}],\"inLanguage\":\"de\"},{\"@type\":\"Organization\",\"@id\":\"https:\\\/\\\/gravotec.ch\\\/de\\\/#organization\",\"name\":\"Gravotec\",\"url\":\"https:\\\/\\\/gravotec.ch\\\/de\\\/\",\"logo\":{\"@type\":\"ImageObject\",\"inLanguage\":\"de\",\"@id\":\"https:\\\/\\\/gravotec.ch\\\/de\\\/#\\\/schema\\\/logo\\\/image\\\/\",\"url\":\"http:\\\/\\\/gravotec.ch\\\/wp-content\\\/uploads\\\/2022\\\/05\\\/gravotec-logo-bandeau-accueil.svg\",\"contentUrl\":\"http:\\\/\\\/gravotec.ch\\\/wp-content\\\/uploads\\\/2022\\\/05\\\/gravotec-logo-bandeau-accueil.svg\",\"width\":296,\"height\":195,\"caption\":\"Gravotec\"},\"image\":{\"@id\":\"https:\\\/\\\/gravotec.ch\\\/de\\\/#\\\/schema\\\/logo\\\/image\\\/\"}}]}<\/script>\n<!-- \/ Yoast SEO plugin. -->","yoast_head_json":{"title":"Gravotec | Kontaktieren Sie uns f\u00fcr Ihr Beschilderungsprojekt","description":"F\u00fcr jede Art von Beschilderungsprojekt k\u00f6nnen Sie sich gerne an uns wenden. Unser Expertenteam wird Sie beraten und Sie bei der Umsetzung Ihres Projekts begleiten.","robots":{"index":"index","follow":"follow","max-snippet":"max-snippet:-1","max-image-preview":"max-image-preview:large","max-video-preview":"max-video-preview:-1"},"canonical":"https:\/\/gravotec.ch\/de\/kontakt\/","og_locale":"de_DE","og_type":"article","og_title":"Gravotec | Kontaktieren Sie uns f\u00fcr Ihr Beschilderungsprojekt","og_description":"F\u00fcr jede Art von Beschilderungsprojekt k\u00f6nnen Sie sich gerne an uns wenden. Unser Expertenteam wird Sie beraten und Sie bei der Umsetzung Ihres Projekts begleiten.","og_url":"https:\/\/gravotec.ch\/de\/kontakt\/","og_site_name":"Gravotec","article_modified_time":"2025-11-20T09:08:13+00:00","twitter_card":"summary_large_image","schema":{"@context":"https:\/\/schema.org","@graph":[{"@type":"WebPage","@id":"https:\/\/gravotec.ch\/de\/kontakt\/","url":"https:\/\/gravotec.ch\/de\/kontakt\/","name":"Gravotec | Kontaktieren Sie uns f\u00fcr Ihr Beschilderungsprojekt","isPartOf":{"@id":"https:\/\/gravotec.ch\/de\/#website"},"datePublished":"2021-05-14T16:07:01+00:00","dateModified":"2025-11-20T09:08:13+00:00","description":"F\u00fcr jede Art von Beschilderungsprojekt k\u00f6nnen Sie sich gerne an uns wenden. Unser Expertenteam wird Sie beraten und Sie bei der Umsetzung Ihres Projekts begleiten.","breadcrumb":{"@id":"https:\/\/gravotec.ch\/de\/kontakt\/#breadcrumb"},"inLanguage":"de","potentialAction":[{"@type":"ReadAction","target":["https:\/\/gravotec.ch\/de\/kontakt\/"]}]},{"@type":"BreadcrumbList","@id":"https:\/\/gravotec.ch\/de\/kontakt\/#breadcrumb","itemListElement":[{"@type":"ListItem","position":1,"name":"Accueil","item":"https:\/\/gravotec.ch\/de\/"},{"@type":"ListItem","position":2,"name":"Kontakt"}]},{"@type":"WebSite","@id":"https:\/\/gravotec.ch\/de\/#website","url":"https:\/\/gravotec.ch\/de\/","name":"Gravotec","description":"","publisher":{"@id":"https:\/\/gravotec.ch\/de\/#organization"},"potentialAction":[{"@type":"SearchAction","target":{"@type":"EntryPoint","urlTemplate":"https:\/\/gravotec.ch\/de\/?s={search_term_string}"},"query-input":{"@type":"PropertyValueSpecification","valueRequired":true,"valueName":"search_term_string"}}],"inLanguage":"de"},{"@type":"Organization","@id":"https:\/\/gravotec.ch\/de\/#organization","name":"Gravotec","url":"https:\/\/gravotec.ch\/de\/","logo":{"@type":"ImageObject","inLanguage":"de","@id":"https:\/\/gravotec.ch\/de\/#\/schema\/logo\/image\/","url":"http:\/\/gravotec.ch\/wp-content\/uploads\/2022\/05\/gravotec-logo-bandeau-accueil.svg","contentUrl":"http:\/\/gravotec.ch\/wp-content\/uploads\/2022\/05\/gravotec-logo-bandeau-accueil.svg","width":296,"height":195,"caption":"Gravotec"},"image":{"@id":"https:\/\/gravotec.ch\/de\/#\/schema\/logo\/image\/"}}]}},"_links":{"self":[{"href":"https:\/\/gravotec.ch\/de\/wp-json\/wp\/v2\/pages\/3567","targetHints":{"allow":["GET"]}}],"collection":[{"href":"https:\/\/gravotec.ch\/de\/wp-json\/wp\/v2\/pages"}],"about":[{"href":"https:\/\/gravotec.ch\/de\/wp-json\/wp\/v2\/types\/page"}],"author":[{"embeddable":true,"href":"https:\/\/gravotec.ch\/de\/wp-json\/wp\/v2\/users\/3"}],"replies":[{"embeddable":true,"href":"https:\/\/gravotec.ch\/de\/wp-json\/wp\/v2\/comments?post=3567"}],"version-history":[{"count":7,"href":"https:\/\/gravotec.ch\/de\/wp-json\/wp\/v2\/pages\/3567\/revisions"}],"predecessor-version":[{"id":30343,"href":"https:\/\/gravotec.ch\/de\/wp-json\/wp\/v2\/pages\/3567\/revisions\/30343"}],"wp:attachment":[{"href":"https:\/\/gravotec.ch\/de\/wp-json\/wp\/v2\/media?parent=3567"}],"curies":[{"name":"wp","href":"https:\/\/api.w.org\/{rel}","templated":true}]}}